{"id":497,"date":"2018-09-22T18:47:19","date_gmt":"2018-09-22T16:47:19","guid":{"rendered":"http:\/\/www.neckenmarkt.net\/gemeinde\/?page_id=497"},"modified":"2021-02-18T15:53:19","modified_gmt":"2021-02-18T14:53:19","slug":"kontakt-impressum","status":"publish","type":"page","link":"https:\/\/www.neckenmarkt.net\/gemeinde\/kontakt-impressum\/","title":{"rendered":"Impressum"},"content":{"rendered":"\t\t<div data-elementor-type=\"wp-post\" data-elementor-id=\"497\" class=\"elementor elementor-497\">\n\t\t\t\t\t\t<section class=\"elementor-section elementor-top-section elementor-element elementor-element-7d4626d elementor-section-full_width elementor-section-height-default elementor-section-height-default\" data-id=\"7d4626d\" data-element_type=\"section\" data-e-type=\"section\">\n\t\t\t\t\t\t<div class=\"elementor-container elementor-column-gap-default\">\n\t\t\t\t\t<div class=\"elementor-column elementor-col-100 elementor-top-column elementor-element elementor-element-da80565\" data-id=\"da80565\" data-element_type=\"column\" data-e-type=\"column\">\n\t\t\t<div class=\"elementor-widget-wrap elementor-element-populated\">\n\t\t\t\t\t\t<div class=\"elementor-element elementor-element-8ead642 elementor-widget elementor-widget-text-editor\" data-id=\"8ead642\" data-element_type=\"widget\" data-e-type=\"widget\" data-widget_type=\"text-editor.default\">\n\t\t\t\t<div class=\"elementor-widget-container\">\n\t\t\t\t\t\t\t\t\t<p><span style=\"font-family: tahoma, arial, helvetica, sans-serif; font-size: 14px;\"><strong>Gemeindeamt Neckenmarkt<\/strong><\/span><\/p>\t\t\t\t\t\t\t\t<\/div>\n\t\t\t\t<\/div>\n\t\t\t\t\t<\/div>\n\t\t<\/div>\n\t\t\t\t\t<\/div>\n\t\t<\/section>\n\t\t\t\t<section class=\"elementor-section elementor-top-section elementor-element elementor-element-247e93e elementor-section-full_width elementor-section-height-default elementor-section-height-default\" data-id=\"247e93e\" data-element_type=\"section\" data-e-type=\"section\">\n\t\t\t\t\t\t<div class=\"elementor-container elementor-column-gap-default\">\n\t\t\t\t\t<div class=\"elementor-column elementor-col-50 elementor-top-column elementor-element elementor-element-38b981b\" data-id=\"38b981b\" data-element_type=\"column\" data-e-type=\"column\">\n\t\t\t<div class=\"elementor-widget-wrap elementor-element-populated\">\n\t\t\t\t\t\t<div class=\"elementor-element elementor-element-16e7cf4 elementor-widget elementor-widget-text-editor\" data-id=\"16e7cf4\" data-element_type=\"widget\" data-e-type=\"widget\" data-widget_type=\"text-editor.default\">\n\t\t\t\t<div class=\"elementor-widget-container\">\n\t\t\t\t\t\t\t\t\t<p><span style=\"font-size: 14px; font-family: tahoma, arial, helvetica, sans-serif;\">Rathausgasse 1<\/span><br \/><span style=\"font-size: 14px; font-family: tahoma, arial, helvetica, sans-serif;\"><span style=\"font-variant-ligatures: normal; font-variant-caps: normal; font-style: normal; font-weight: 400;\">7311 Neckenmarkt<br \/><\/span>Tel.: 02610\/42263<br \/>Fax: 02610\/42263-19<br \/><a style=\"background-color: #ffffff;\" href=\"mailto:post@neckenmarkt.bgld.gv.at\"><span style=\"color: #990d34;\">post@neckenmarkt.bgld.gv.at<\/span><\/a><\/span><\/p>\t\t\t\t\t\t\t\t<\/div>\n\t\t\t\t<\/div>\n\t\t\t\t\t<\/div>\n\t\t<\/div>\n\t\t\t\t<div class=\"elementor-column elementor-col-50 elementor-top-column elementor-element elementor-element-6cb6789\" data-id=\"6cb6789\" data-element_type=\"column\" data-e-type=\"column\">\n\t\t\t<div class=\"elementor-widget-wrap elementor-element-populated\">\n\t\t\t\t\t\t<div class=\"elementor-element elementor-element-dd2d8e2 elementor-widget elementor-widget-text-editor\" data-id=\"dd2d8e2\" data-element_type=\"widget\" data-e-type=\"widget\" data-widget_type=\"text-editor.default\">\n\t\t\t\t<div class=\"elementor-widget-container\">\n\t\t\t\t\t\t\t\t\t<p><span style=\"font-size: 14px; font-family: tahoma, arial, helvetica, sans-serif;\"><strong>Amtsstunden:<\/strong><\/span><br \/><span style=\"font-size: 14px; font-family: tahoma, arial, helvetica, sans-serif;\">Montag bis Freitag<\/span><br \/><span style=\"font-size: 14px; font-family: tahoma, arial, helvetica, sans-serif;\">von 7:30 &#8211; 12:00 Uhr und 13:00 &#8211; 16:30 Uhr<\/span><\/p>\n<p><span style=\"font-size: 14px; font-family: tahoma, arial, helvetica, sans-serif;\"><strong>Parteienverkehrsstunden:<\/strong><\/span><br \/><span style=\"font-size: 14px; font-family: tahoma, arial, helvetica, sans-serif;\">Montag bis Freitag von 8:00 &#8211; 12:00 Uhr<\/span><br \/><span style=\"font-size: 14px; font-family: tahoma, arial, helvetica, sans-serif;\">Bei begr\u00fcndeten Ausnahmen auch Nachmittags w\u00e4hrend der \u00d6ffnungszeiten<\/span><\/p>\t\t\t\t\t\t\t\t<\/div>\n\t\t\t\t<\/div>\n\t\t\t\t\t<\/div>\n\t\t<\/div>\n\t\t\t\t\t<\/div>\n\t\t<\/section>\n\t\t\t\t<section class=\"elementor-section elementor-top-section elementor-element elementor-element-429bb70 elementor-section-boxed elementor-section-height-default elementor-section-height-default\" data-id=\"429bb70\" data-element_type=\"section\" data-e-type=\"section\">\n\t\t\t\t\t\t<div class=\"elementor-container elementor-column-gap-default\">\n\t\t\t\t\t<div class=\"elementor-column elementor-col-100 elementor-top-column elementor-element elementor-element-83ec0ae\" data-id=\"83ec0ae\" data-element_type=\"column\" data-e-type=\"column\">\n\t\t\t<div class=\"elementor-widget-wrap elementor-element-populated\">\n\t\t\t\t\t\t<div class=\"elementor-element elementor-element-e4c412b elementor-widget-divider--view-line elementor-widget elementor-widget-divider\" data-id=\"e4c412b\" data-element_type=\"widget\" data-e-type=\"widget\" data-widget_type=\"divider.default\">\n\t\t\t\t<div class=\"elementor-widget-container\">\n\t\t\t\t\t\t\t<div class=\"elementor-divider\">\n\t\t\t<span class=\"elementor-divider-separator\">\n\t\t\t\t\t\t<\/span>\n\t\t<\/div>\n\t\t\t\t\t\t<\/div>\n\t\t\t\t<\/div>\n\t\t\t\t\t<\/div>\n\t\t<\/div>\n\t\t\t\t\t<\/div>\n\t\t<\/section>\n\t\t\t\t<section class=\"elementor-section elementor-top-section elementor-element elementor-element-37c09f2 elementor-section-full_width elementor-section-height-default elementor-section-height-default\" data-id=\"37c09f2\" data-element_type=\"section\" data-e-type=\"section\">\n\t\t\t\t\t\t<div class=\"elementor-container elementor-column-gap-default\">\n\t\t\t\t\t<div class=\"elementor-column elementor-col-100 elementor-top-column elementor-element elementor-element-ff1d107\" data-id=\"ff1d107\" data-element_type=\"column\" data-e-type=\"column\">\n\t\t\t<div class=\"elementor-widget-wrap elementor-element-populated\">\n\t\t\t\t\t\t<div class=\"elementor-element elementor-element-6bb7c59 elementor-widget elementor-widget-text-editor\" data-id=\"6bb7c59\" data-element_type=\"widget\" data-e-type=\"widget\" data-widget_type=\"text-editor.default\">\n\t\t\t\t<div class=\"elementor-widget-container\">\n\t\t\t\t\t\t\t\t\t<p><span style=\"font-size: 14px; font-family: tahoma, arial, helvetica, sans-serif;\"><strong>Webadministration:<\/strong><\/span><\/p>\n<p><span style=\"font-family: tahoma, arial, helvetica, sans-serif; font-size: 14px;\">Paula Reumann<\/span><br \/><a href=\"mailto:paula.reumann@gmail.com\"><span style=\"font-family: tahoma, arial, helvetica, sans-serif; font-size: 14px;\">paula.reumann@gmail.com<\/span><\/a><\/p>\t\t\t\t\t\t\t\t<\/div>\n\t\t\t\t<\/div>\n\t\t\t\t\t<\/div>\n\t\t<\/div>\n\t\t\t\t\t<\/div>\n\t\t<\/section>\n\t\t\t\t<section class=\"elementor-section elementor-top-section elementor-element elementor-element-e31af02 elementor-section-boxed elementor-section-height-default elementor-section-height-default\" data-id=\"e31af02\" data-element_type=\"section\" data-e-type=\"section\">\n\t\t\t\t\t\t<div class=\"elementor-container elementor-column-gap-default\">\n\t\t\t\t\t<div class=\"elementor-column elementor-col-100 elementor-top-column elementor-element elementor-element-97ba221\" data-id=\"97ba221\" data-element_type=\"column\" data-e-type=\"column\">\n\t\t\t<div class=\"elementor-widget-wrap elementor-element-populated\">\n\t\t\t\t\t\t<div class=\"elementor-element elementor-element-9dec02a elementor-widget-divider--view-line elementor-widget elementor-widget-divider\" data-id=\"9dec02a\" data-element_type=\"widget\" data-e-type=\"widget\" data-widget_type=\"divider.default\">\n\t\t\t\t<div class=\"elementor-widget-container\">\n\t\t\t\t\t\t\t<div class=\"elementor-divider\">\n\t\t\t<span class=\"elementor-divider-separator\">\n\t\t\t\t\t\t<\/span>\n\t\t<\/div>\n\t\t\t\t\t\t<\/div>\n\t\t\t\t<\/div>\n\t\t\t\t\t<\/div>\n\t\t<\/div>\n\t\t\t\t\t<\/div>\n\t\t<\/section>\n\t\t\t\t<section class=\"elementor-section elementor-top-section elementor-element elementor-element-3897ce1 elementor-section-full_width elementor-section-height-default elementor-section-height-default\" data-id=\"3897ce1\" data-element_type=\"section\" data-e-type=\"section\">\n\t\t\t\t\t\t<div class=\"elementor-container elementor-column-gap-default\">\n\t\t\t\t\t<div class=\"elementor-column elementor-col-100 elementor-top-column elementor-element elementor-element-87092e1\" data-id=\"87092e1\" data-element_type=\"column\" data-e-type=\"column\">\n\t\t\t<div class=\"elementor-widget-wrap elementor-element-populated\">\n\t\t\t\t\t\t<div class=\"elementor-element elementor-element-5517888 elementor-widget elementor-widget-text-editor\" data-id=\"5517888\" data-element_type=\"widget\" data-e-type=\"widget\" data-widget_type=\"text-editor.default\">\n\t\t\t\t<div class=\"elementor-widget-container\">\n\t\t\t\t\t\t\t\t\t<p style=\"text-align: justify;\"><span style=\"font-size: 14px; font-family: tahoma, arial, helvetica, sans-serif;\">Die Inhalte auf der Website www.neckenmarkt.eu wurden mit h\u00f6chstm\u00f6glicher Sorgfalt erstellt. Eine Haftung f\u00fcr fehlerhafte oder unrichtige Informationen ist ausgeschlossen.<\/span><\/p>\n<p style=\"text-align: justify;\"><span style=\"font-size: 14px; font-family: tahoma, arial, helvetica, sans-serif;\">Alle durch ein Kontaktformular \u00fcbermittelten Daten unterliegen den gesetzlichen Regelungen des Datenschutzes.<\/span><br \/><span style=\"font-size: 14px; font-family: tahoma, arial, helvetica, sans-serif;\">Alle in den Texten eventuell erw\u00e4hnten Markennamen und Warenzeichen sind gesch\u00fctztes Eigentum ihrer Inhaber.<\/span><br \/><span style=\"font-size: 14px; font-family: tahoma, arial, helvetica, sans-serif;\">Die Inhalte der Seiten wie Texte, Fotos und Grafiken sind urheberrechtlich gesch\u00fctzt. Eine Verwendung der Inhalte auf anderen Webseiten und allen anderen Medien bedarf der vorherigen schriftlichen Genehmigung durch HomeStage.<\/span><br \/><span style=\"font-size: 14px; font-family: tahoma, arial, helvetica, sans-serif;\">Wir sind nicht f\u00fcr Inhalte der verlinkten Seiten verantwortlich. Sollten von www.neckenmarkt.eu gelinkte Seiten auf Inhalte verweisen, die rechtlich bedenklich sind oder gegen Rechte Dritter versto\u00dfen,\u00a0 bitten wir um eine entsprechende Mitteilung.<\/span><\/p>\t\t\t\t\t\t\t\t<\/div>\n\t\t\t\t<\/div>\n\t\t\t\t\t<\/div>\n\t\t<\/div>\n\t\t\t\t\t<\/div>\n\t\t<\/section>\n\t\t\t\t<\/div>\n\t\t","protected":false},"excerpt":{"rendered":"<p>Gemeindeamt Neckenmarkt Rathausgasse 17311 NeckenmarktTel.: 02610\/42263Fax: 02610\/42263-19post@neckenmarkt.bgld.gv.at Amtsstunden:Montag bis Freitagvon 7:30 &#8211; 12:00 Uhr und 13:00 &#8211; 16:30 Uhr Parteienverkehrsstunden:Montag bis Freitag von 8:00 &#8211; 12:00 UhrBei begr\u00fcndeten Ausnahmen auch [&hellip;]<\/p>\n","protected":false},"author":1,"featured_media":0,"parent":0,"menu_order":0,"comment_status":"closed","ping_status":"closed","template":"","meta":{"footnotes":""},"class_list":["post-497","page","type-page","status-publish","hentry"],"yoast_head":"<!-- This site is optimized with the Yoast SEO plugin v27.4 - https:\/\/yoast.com\/product\/yoast-seo-wordpress\/ -->\n<title>Impressum - Marktgemeinde Neckenmarkt<\/title>\n<meta name=\"robots\" content=\"index, follow, max-snippet:-1, max-image-preview:large, max-video-preview:-1\" \/>\n<link rel=\"canonical\" href=\"https:\/\/www.neckenmarkt.net\/gemeinde\/kontakt-impressum\/\" \/>\n<meta property=\"og:locale\" content=\"de_DE\" \/>\n<meta property=\"og:type\" content=\"article\" \/>\n<meta property=\"og:title\" content=\"Impressum - Marktgemeinde Neckenmarkt\" \/>\n<meta property=\"og:description\" content=\"Gemeindeamt Neckenmarkt Rathausgasse 17311 NeckenmarktTel.: 02610\/42263Fax: 02610\/42263-19post@neckenmarkt.bgld.gv.at Amtsstunden:Montag bis Freitagvon 7:30 &#8211; 12:00 Uhr und 13:00 &#8211; 16:30 Uhr Parteienverkehrsstunden:Montag bis Freitag von 8:00 &#8211; 12:00 UhrBei begr\u00fcndeten Ausnahmen auch [&hellip;]\" \/>\n<meta property=\"og:url\" content=\"https:\/\/www.neckenmarkt.net\/gemeinde\/kontakt-impressum\/\" \/>\n<meta property=\"og:site_name\" content=\"Marktgemeinde Neckenmarkt\" \/>\n<meta property=\"article:modified_time\" content=\"2021-02-18T14:53:19+00:00\" \/>\n<meta name=\"twitter:card\" content=\"summary_large_image\" \/>\n<meta name=\"twitter:label1\" content=\"Gesch\u00e4tzte Lesezeit\" \/>\n\t<meta name=\"twitter:data1\" content=\"1\u00a0Minute\" \/>\n<script type=\"application\/ld+json\" class=\"yoast-schema-graph\">{\"@context\":\"https:\\\/\\\/schema.org\",\"@graph\":[{\"@type\":\"WebPage\",\"@id\":\"https:\\\/\\\/www.neckenmarkt.net\\\/gemeinde\\\/kontakt-impressum\\\/\",\"url\":\"https:\\\/\\\/www.neckenmarkt.net\\\/gemeinde\\\/kontakt-impressum\\\/\",\"name\":\"Impressum - Marktgemeinde Neckenmarkt\",\"isPartOf\":{\"@id\":\"https:\\\/\\\/www.neckenmarkt.net\\\/gemeinde\\\/#website\"},\"datePublished\":\"2018-09-22T16:47:19+00:00\",\"dateModified\":\"2021-02-18T14:53:19+00:00\",\"breadcrumb\":{\"@id\":\"https:\\\/\\\/www.neckenmarkt.net\\\/gemeinde\\\/kontakt-impressum\\\/#breadcrumb\"},\"inLanguage\":\"de\",\"potentialAction\":[{\"@type\":\"ReadAction\",\"target\":[\"https:\\\/\\\/www.neckenmarkt.net\\\/gemeinde\\\/kontakt-impressum\\\/\"]}]},{\"@type\":\"BreadcrumbList\",\"@id\":\"https:\\\/\\\/www.neckenmarkt.net\\\/gemeinde\\\/kontakt-impressum\\\/#breadcrumb\",\"itemListElement\":[{\"@type\":\"ListItem\",\"position\":1,\"name\":\"Startseite\",\"item\":\"https:\\\/\\\/www.neckenmarkt.net\\\/gemeinde\\\/\"},{\"@type\":\"ListItem\",\"position\":2,\"name\":\"Impressum\"}]},{\"@type\":\"WebSite\",\"@id\":\"https:\\\/\\\/www.neckenmarkt.net\\\/gemeinde\\\/#website\",\"url\":\"https:\\\/\\\/www.neckenmarkt.net\\\/gemeinde\\\/\",\"name\":\"Marktgemeinde Neckenmarkt\",\"description\":\"\",\"publisher\":{\"@id\":\"https:\\\/\\\/www.neckenmarkt.net\\\/gemeinde\\\/#organization\"},\"potentialAction\":[{\"@type\":\"SearchAction\",\"target\":{\"@type\":\"EntryPoint\",\"urlTemplate\":\"https:\\\/\\\/www.neckenmarkt.net\\\/gemeinde\\\/?s={search_term_string}\"},\"query-input\":{\"@type\":\"PropertyValueSpecification\",\"valueRequired\":true,\"valueName\":\"search_term_string\"}}],\"inLanguage\":\"de\"},{\"@type\":\"Organization\",\"@id\":\"https:\\\/\\\/www.neckenmarkt.net\\\/gemeinde\\\/#organization\",\"name\":\"Marktgemeinde Neckenmarkt\",\"url\":\"https:\\\/\\\/www.neckenmarkt.net\\\/gemeinde\\\/\",\"logo\":{\"@type\":\"ImageObject\",\"inLanguage\":\"de\",\"@id\":\"https:\\\/\\\/www.neckenmarkt.net\\\/gemeinde\\\/#\\\/schema\\\/logo\\\/image\\\/\",\"url\":\"https:\\\/\\\/www.neckenmarkt.net\\\/gemeinde\\\/wp-content\\\/uploads\\\/2018\\\/12\\\/LogoF-e1547210885414.png\",\"contentUrl\":\"https:\\\/\\\/www.neckenmarkt.net\\\/gemeinde\\\/wp-content\\\/uploads\\\/2018\\\/12\\\/LogoF-e1547210885414.png\",\"width\":58,\"height\":90,\"caption\":\"Marktgemeinde Neckenmarkt\"},\"image\":{\"@id\":\"https:\\\/\\\/www.neckenmarkt.net\\\/gemeinde\\\/#\\\/schema\\\/logo\\\/image\\\/\"},\"sameAs\":[\"https:\\\/\\\/de.wikipedia.org\\\/wiki\\\/Neckenmarkt\"]}]}<\/script>\n<!-- \/ Yoast SEO plugin. -->","yoast_head_json":{"title":"Impressum - Marktgemeinde Neckenmarkt","robots":{"index":"index","follow":"follow","max-snippet":"max-snippet:-1","max-image-preview":"max-image-preview:large","max-video-preview":"max-video-preview:-1"},"canonical":"https:\/\/www.neckenmarkt.net\/gemeinde\/kontakt-impressum\/","og_locale":"de_DE","og_type":"article","og_title":"Impressum - Marktgemeinde Neckenmarkt","og_description":"Gemeindeamt Neckenmarkt Rathausgasse 17311 NeckenmarktTel.: 02610\/42263Fax: 02610\/42263-19post@neckenmarkt.bgld.gv.at Amtsstunden:Montag bis Freitagvon 7:30 &#8211; 12:00 Uhr und 13:00 &#8211; 16:30 Uhr Parteienverkehrsstunden:Montag bis Freitag von 8:00 &#8211; 12:00 UhrBei begr\u00fcndeten Ausnahmen auch [&hellip;]","og_url":"https:\/\/www.neckenmarkt.net\/gemeinde\/kontakt-impressum\/","og_site_name":"Marktgemeinde Neckenmarkt","article_modified_time":"2021-02-18T14:53:19+00:00","twitter_card":"summary_large_image","twitter_misc":{"Gesch\u00e4tzte Lesezeit":"1\u00a0Minute"},"schema":{"@context":"https:\/\/schema.org","@graph":[{"@type":"WebPage","@id":"https:\/\/www.neckenmarkt.net\/gemeinde\/kontakt-impressum\/","url":"https:\/\/www.neckenmarkt.net\/gemeinde\/kontakt-impressum\/","name":"Impressum - Marktgemeinde Neckenmarkt","isPartOf":{"@id":"https:\/\/www.neckenmarkt.net\/gemeinde\/#website"},"datePublished":"2018-09-22T16:47:19+00:00","dateModified":"2021-02-18T14:53:19+00:00","breadcrumb":{"@id":"https:\/\/www.neckenmarkt.net\/gemeinde\/kontakt-impressum\/#breadcrumb"},"inLanguage":"de","potentialAction":[{"@type":"ReadAction","target":["https:\/\/www.neckenmarkt.net\/gemeinde\/kontakt-impressum\/"]}]},{"@type":"BreadcrumbList","@id":"https:\/\/www.neckenmarkt.net\/gemeinde\/kontakt-impressum\/#breadcrumb","itemListElement":[{"@type":"ListItem","position":1,"name":"Startseite","item":"https:\/\/www.neckenmarkt.net\/gemeinde\/"},{"@type":"ListItem","position":2,"name":"Impressum"}]},{"@type":"WebSite","@id":"https:\/\/www.neckenmarkt.net\/gemeinde\/#website","url":"https:\/\/www.neckenmarkt.net\/gemeinde\/","name":"Marktgemeinde Neckenmarkt","description":"","publisher":{"@id":"https:\/\/www.neckenmarkt.net\/gemeinde\/#organization"},"potentialAction":[{"@type":"SearchAction","target":{"@type":"EntryPoint","urlTemplate":"https:\/\/www.neckenmarkt.net\/gemeinde\/?s={search_term_string}"},"query-input":{"@type":"PropertyValueSpecification","valueRequired":true,"valueName":"search_term_string"}}],"inLanguage":"de"},{"@type":"Organization","@id":"https:\/\/www.neckenmarkt.net\/gemeinde\/#organization","name":"Marktgemeinde Neckenmarkt","url":"https:\/\/www.neckenmarkt.net\/gemeinde\/","logo":{"@type":"ImageObject","inLanguage":"de","@id":"https:\/\/www.neckenmarkt.net\/gemeinde\/#\/schema\/logo\/image\/","url":"https:\/\/www.neckenmarkt.net\/gemeinde\/wp-content\/uploads\/2018\/12\/LogoF-e1547210885414.png","contentUrl":"https:\/\/www.neckenmarkt.net\/gemeinde\/wp-content\/uploads\/2018\/12\/LogoF-e1547210885414.png","width":58,"height":90,"caption":"Marktgemeinde Neckenmarkt"},"image":{"@id":"https:\/\/www.neckenmarkt.net\/gemeinde\/#\/schema\/logo\/image\/"},"sameAs":["https:\/\/de.wikipedia.org\/wiki\/Neckenmarkt"]}]}},"_links":{"self":[{"href":"https:\/\/www.neckenmarkt.net\/gemeinde\/wp-json\/wp\/v2\/pages\/497","targetHints":{"allow":["GET"]}}],"collection":[{"href":"https:\/\/www.neckenmarkt.net\/gemeinde\/wp-json\/wp\/v2\/pages"}],"about":[{"href":"https:\/\/www.neckenmarkt.net\/gemeinde\/wp-json\/wp\/v2\/types\/page"}],"author":[{"embeddable":true,"href":"https:\/\/www.neckenmarkt.net\/gemeinde\/wp-json\/wp\/v2\/users\/1"}],"replies":[{"embeddable":true,"href":"https:\/\/www.neckenmarkt.net\/gemeinde\/wp-json\/wp\/v2\/comments?post=497"}],"version-history":[{"count":0,"href":"https:\/\/www.neckenmarkt.net\/gemeinde\/wp-json\/wp\/v2\/pages\/497\/revisions"}],"wp:attachment":[{"href":"https:\/\/www.neckenmarkt.net\/gemeinde\/wp-json\/wp\/v2\/media?parent=497"}],"curies":[{"name":"wp","href":"https:\/\/api.w.org\/{rel}","templated":true}]}}