{"id":6415,"date":"2019-02-03T18:30:06","date_gmt":"2019-02-03T17:30:06","guid":{"rendered":"http:\/\/www.neckenmarkt.net\/gemeinde\/?page_id=6415"},"modified":"2021-02-18T15:56:42","modified_gmt":"2021-02-18T14:56:42","slug":"kulturtage","status":"publish","type":"page","link":"https:\/\/www.neckenmarkt.net\/gemeinde\/kulturtage\/","title":{"rendered":"Kulturtage"},"content":{"rendered":"\t\t<div data-elementor-type=\"wp-post\" data-elementor-id=\"6415\" class=\"elementor elementor-6415\">\n\t\t\t\t\t\t<section class=\"elementor-section elementor-top-section elementor-element elementor-element-fcde3a9 elementor-section-full_width elementor-section-height-default elementor-section-height-default\" data-id=\"fcde3a9\" data-element_type=\"section\" data-e-type=\"section\">\n\t\t\t\t\t\t<div class=\"elementor-container elementor-column-gap-default\">\n\t\t\t\t\t<div class=\"elementor-column elementor-col-100 elementor-top-column elementor-element elementor-element-a9a70c3\" data-id=\"a9a70c3\" data-element_type=\"column\" data-e-type=\"column\">\n\t\t\t<div class=\"elementor-widget-wrap elementor-element-populated\">\n\t\t\t\t\t\t<div class=\"elementor-element elementor-element-5b1b161 elementor-widget elementor-widget-text-editor\" data-id=\"5b1b161\" data-element_type=\"widget\" data-e-type=\"widget\" data-widget_type=\"text-editor.default\">\n\t\t\t\t<div class=\"elementor-widget-container\">\n\t\t\t\t\t\t\t\t\t<p style=\"text-align: justify;\"><span style=\"font-size: 16px;\"><strong><span style=\"font-family: tahoma, arial, helvetica, sans-serif;\">Neckenmarkter Kulturtage, seit 1990<\/span><\/strong><\/span><\/p>\n<p>\u00a0<\/p>\n<p style=\"text-align: justify;\"><span style=\"font-family: tahoma, arial, helvetica, sans-serif; font-size: 16px;\">\u201eMan sollte alle Tage wenigstens ein kleines Lied h\u00f6ren, ein gutes Gedicht lesen, ein treffliches Gem\u00e4lde sehen und, wenn es m\u00f6glich zu machen w\u00e4re, einige vern\u00fcnftige Worte sprechen.\u201c<\/span><\/p>\n<p style=\"text-align: right;\"><span style=\"font-family: tahoma, arial, helvetica, sans-serif; font-size: 14px;\">Zitat von Johann Wolfgang von Goethe<\/span><\/p>\n<p>\u00a0<\/p>\n<p style=\"text-align: justify;\"><span style=\"font-family: tahoma, arial, helvetica, sans-serif; font-size: 16px;\">Der Kulturausschuss hat es sich mit den Neckenmarkter Kulturtagen zur Aufgabe gemacht eine m\u00f6glichst breite Vielfalt an Darbietungen von Kultur und Musik anzubieten und dies sowohl mit K\u00fcnstlern und Menschen aus Neckenmarkt sowie der unmittelbaren Umgebung als auch mit Pers\u00f6nlichkeiten, die auch von weiter her kommen. <\/span><br \/><span style=\"font-family: tahoma, arial, helvetica, sans-serif; font-size: 16px;\">So bem\u00fchen wir uns allj\u00e4hrlich ein ansprechendes, abwechslungsreiches und interessantes Programm zusammenzustellen und wir hoffen, dass wir unseren Besuchern damit einiges mit auf den pers\u00f6nlichen Weg geben k\u00f6nnen.<\/span><\/p>\n<p style=\"text-align: justify;\"><span style=\"font-family: tahoma, arial, helvetica, sans-serif; font-size: 16px;\">Aber auch wenn die Worte kritisch ausfallen sollten, danken wir schon jetzt daf\u00fcr; denn unser Anspruch ist es nicht nur zu unterhalten, sondern auch anzuregen zur Diskussion, zum Gespr\u00e4ch, zum Dialog, zum Meinungsaustausch.<\/span><\/p>\n<p style=\"text-align: justify;\"><span style=\"font-family: tahoma, arial, helvetica, sans-serif; font-size: 16px;\">Die Werte, die unsere Kultur ausmachen, tragen dazu bei, dass es bei uns ein vern\u00fcnftiges Zusammenleben gibt.<\/span><\/p>\n<p style=\"text-align: justify;\"><span style=\"font-family: tahoma, arial, helvetica, sans-serif; font-size: 16px;\">Wir verstehen uns als Plattform, die einerseits versucht, Menschen mit besonderen Begabungen und F\u00e4higkeiten die M\u00f6glichkeit zu bieten, damit auch an die \u00d6ffentlichkeit zu gehen.<\/span><\/p>\n<p style=\"text-align: justify;\"><span style=\"font-family: tahoma, arial, helvetica, sans-serif; font-size: 16px;\">Eine Plattform, die versucht Themen, Inhalte und Materien aufzugreifen, die durchaus auch als eigen, originell oder anspruchsvoll bezeichnet werden k\u00f6nnen, die Ihnen individuelle Kultur anbietet und hofft, dass das Ihren Zuspruch findet. <\/span><br \/><span style=\"font-family: tahoma, arial, helvetica, sans-serif; font-size: 16px;\">Es ist uns dabei durchaus bewusst, dass wir damit wahrscheinlich nicht die breite Masse ansprechen, sondern oft nur einen kleinen Kreis.<\/span><\/p>\n<p style=\"text-align: justify;\"><span style=\"font-family: tahoma, arial, helvetica, sans-serif; font-size: 16px;\"><strong><u>Gemeinsam<\/u><\/strong> trotz oder gerade wegen verschiedener Meinungen und Interessen, verschiedener W\u00fcnsche und Anliegen und auch verschiedener politischer Fraktionen ist es unser Auftrag im Kulturausschuss, miteinander daf\u00fcr Sorge zu tragen, dass kulturelle Werte in Neckenmarkt auch transportiert werden, dass dieses gute Klima in der Gemeinde Neckenmarkt auch gelebt und umgesetzt wird.<\/span><\/p>\t\t\t\t\t\t\t\t<\/div>\n\t\t\t\t<\/div>\n\t\t\t\t\t<\/div>\n\t\t<\/div>\n\t\t\t\t\t<\/div>\n\t\t<\/section>\n\t\t\t\t<\/div>\n\t\t","protected":false},"excerpt":{"rendered":"<p>Neckenmarkter Kulturtage, seit 1990 \u00a0 \u201eMan sollte alle Tage wenigstens ein kleines Lied h\u00f6ren, ein gutes Gedicht lesen, ein treffliches Gem\u00e4lde sehen und, wenn es m\u00f6glich zu machen w\u00e4re, einige [&hellip;]<\/p>\n","protected":false},"author":1,"featured_media":0,"parent":0,"menu_order":0,"comment_status":"closed","ping_status":"closed","template":"","meta":{"footnotes":""},"class_list":["post-6415","page","type-page","status-publish","hentry"],"yoast_head":"<!-- This site is optimized with the Yoast SEO plugin v27.6 - https:\/\/yoast.com\/product\/yoast-seo-wordpress\/ -->\n<title>Kulturtage - Marktgemeinde Neckenmarkt<\/title>\n<meta name=\"robots\" content=\"index, follow, max-snippet:-1, max-image-preview:large, max-video-preview:-1\" \/>\n<link rel=\"canonical\" href=\"https:\/\/www.neckenmarkt.net\/gemeinde\/kulturtage\/\" \/>\n<meta property=\"og:locale\" content=\"de_DE\" \/>\n<meta property=\"og:type\" content=\"article\" \/>\n<meta property=\"og:title\" content=\"Kulturtage - Marktgemeinde Neckenmarkt\" \/>\n<meta property=\"og:description\" content=\"Neckenmarkter Kulturtage, seit 1990 \u00a0 \u201eMan sollte alle Tage wenigstens ein kleines Lied h\u00f6ren, ein gutes Gedicht lesen, ein treffliches Gem\u00e4lde sehen und, wenn es m\u00f6glich zu machen w\u00e4re, einige [&hellip;]\" \/>\n<meta property=\"og:url\" content=\"https:\/\/www.neckenmarkt.net\/gemeinde\/kulturtage\/\" \/>\n<meta property=\"og:site_name\" content=\"Marktgemeinde Neckenmarkt\" \/>\n<meta property=\"article:modified_time\" content=\"2021-02-18T14:56:42+00:00\" \/>\n<meta name=\"twitter:card\" content=\"summary_large_image\" \/>\n<meta name=\"twitter:label1\" content=\"Gesch\u00e4tzte Lesezeit\" \/>\n\t<meta name=\"twitter:data1\" content=\"2\u00a0Minuten\" \/>\n<script type=\"application\/ld+json\" class=\"yoast-schema-graph\">{\"@context\":\"https:\\\/\\\/schema.org\",\"@graph\":[{\"@type\":\"WebPage\",\"@id\":\"https:\\\/\\\/www.neckenmarkt.net\\\/gemeinde\\\/kulturtage\\\/\",\"url\":\"https:\\\/\\\/www.neckenmarkt.net\\\/gemeinde\\\/kulturtage\\\/\",\"name\":\"Kulturtage - Marktgemeinde Neckenmarkt\",\"isPartOf\":{\"@id\":\"https:\\\/\\\/www.neckenmarkt.net\\\/gemeinde\\\/#website\"},\"datePublished\":\"2019-02-03T17:30:06+00:00\",\"dateModified\":\"2021-02-18T14:56:42+00:00\",\"breadcrumb\":{\"@id\":\"https:\\\/\\\/www.neckenmarkt.net\\\/gemeinde\\\/kulturtage\\\/#breadcrumb\"},\"inLanguage\":\"de\",\"potentialAction\":[{\"@type\":\"ReadAction\",\"target\":[\"https:\\\/\\\/www.neckenmarkt.net\\\/gemeinde\\\/kulturtage\\\/\"]}]},{\"@type\":\"BreadcrumbList\",\"@id\":\"https:\\\/\\\/www.neckenmarkt.net\\\/gemeinde\\\/kulturtage\\\/#breadcrumb\",\"itemListElement\":[{\"@type\":\"ListItem\",\"position\":1,\"name\":\"Startseite\",\"item\":\"https:\\\/\\\/www.neckenmarkt.net\\\/gemeinde\\\/\"},{\"@type\":\"ListItem\",\"position\":2,\"name\":\"Kulturtage\"}]},{\"@type\":\"WebSite\",\"@id\":\"https:\\\/\\\/www.neckenmarkt.net\\\/gemeinde\\\/#website\",\"url\":\"https:\\\/\\\/www.neckenmarkt.net\\\/gemeinde\\\/\",\"name\":\"Marktgemeinde Neckenmarkt\",\"description\":\"\",\"publisher\":{\"@id\":\"https:\\\/\\\/www.neckenmarkt.net\\\/gemeinde\\\/#organization\"},\"potentialAction\":[{\"@type\":\"SearchAction\",\"target\":{\"@type\":\"EntryPoint\",\"urlTemplate\":\"https:\\\/\\\/www.neckenmarkt.net\\\/gemeinde\\\/?s={search_term_string}\"},\"query-input\":{\"@type\":\"PropertyValueSpecification\",\"valueRequired\":true,\"valueName\":\"search_term_string\"}}],\"inLanguage\":\"de\"},{\"@type\":\"Organization\",\"@id\":\"https:\\\/\\\/www.neckenmarkt.net\\\/gemeinde\\\/#organization\",\"name\":\"Marktgemeinde Neckenmarkt\",\"url\":\"https:\\\/\\\/www.neckenmarkt.net\\\/gemeinde\\\/\",\"logo\":{\"@type\":\"ImageObject\",\"inLanguage\":\"de\",\"@id\":\"https:\\\/\\\/www.neckenmarkt.net\\\/gemeinde\\\/#\\\/schema\\\/logo\\\/image\\\/\",\"url\":\"https:\\\/\\\/www.neckenmarkt.net\\\/gemeinde\\\/wp-content\\\/uploads\\\/2018\\\/12\\\/LogoF-e1547210885414.png\",\"contentUrl\":\"https:\\\/\\\/www.neckenmarkt.net\\\/gemeinde\\\/wp-content\\\/uploads\\\/2018\\\/12\\\/LogoF-e1547210885414.png\",\"width\":58,\"height\":90,\"caption\":\"Marktgemeinde Neckenmarkt\"},\"image\":{\"@id\":\"https:\\\/\\\/www.neckenmarkt.net\\\/gemeinde\\\/#\\\/schema\\\/logo\\\/image\\\/\"},\"sameAs\":[\"https:\\\/\\\/de.wikipedia.org\\\/wiki\\\/Neckenmarkt\"]}]}<\/script>\n<!-- \/ Yoast SEO plugin. -->","yoast_head_json":{"title":"Kulturtage - Marktgemeinde Neckenmarkt","robots":{"index":"index","follow":"follow","max-snippet":"max-snippet:-1","max-image-preview":"max-image-preview:large","max-video-preview":"max-video-preview:-1"},"canonical":"https:\/\/www.neckenmarkt.net\/gemeinde\/kulturtage\/","og_locale":"de_DE","og_type":"article","og_title":"Kulturtage - Marktgemeinde Neckenmarkt","og_description":"Neckenmarkter Kulturtage, seit 1990 \u00a0 \u201eMan sollte alle Tage wenigstens ein kleines Lied h\u00f6ren, ein gutes Gedicht lesen, ein treffliches Gem\u00e4lde sehen und, wenn es m\u00f6glich zu machen w\u00e4re, einige [&hellip;]","og_url":"https:\/\/www.neckenmarkt.net\/gemeinde\/kulturtage\/","og_site_name":"Marktgemeinde Neckenmarkt","article_modified_time":"2021-02-18T14:56:42+00:00","twitter_card":"summary_large_image","twitter_misc":{"Gesch\u00e4tzte Lesezeit":"2\u00a0Minuten"},"schema":{"@context":"https:\/\/schema.org","@graph":[{"@type":"WebPage","@id":"https:\/\/www.neckenmarkt.net\/gemeinde\/kulturtage\/","url":"https:\/\/www.neckenmarkt.net\/gemeinde\/kulturtage\/","name":"Kulturtage - Marktgemeinde Neckenmarkt","isPartOf":{"@id":"https:\/\/www.neckenmarkt.net\/gemeinde\/#website"},"datePublished":"2019-02-03T17:30:06+00:00","dateModified":"2021-02-18T14:56:42+00:00","breadcrumb":{"@id":"https:\/\/www.neckenmarkt.net\/gemeinde\/kulturtage\/#breadcrumb"},"inLanguage":"de","potentialAction":[{"@type":"ReadAction","target":["https:\/\/www.neckenmarkt.net\/gemeinde\/kulturtage\/"]}]},{"@type":"BreadcrumbList","@id":"https:\/\/www.neckenmarkt.net\/gemeinde\/kulturtage\/#breadcrumb","itemListElement":[{"@type":"ListItem","position":1,"name":"Startseite","item":"https:\/\/www.neckenmarkt.net\/gemeinde\/"},{"@type":"ListItem","position":2,"name":"Kulturtage"}]},{"@type":"WebSite","@id":"https:\/\/www.neckenmarkt.net\/gemeinde\/#website","url":"https:\/\/www.neckenmarkt.net\/gemeinde\/","name":"Marktgemeinde Neckenmarkt","description":"","publisher":{"@id":"https:\/\/www.neckenmarkt.net\/gemeinde\/#organization"},"potentialAction":[{"@type":"SearchAction","target":{"@type":"EntryPoint","urlTemplate":"https:\/\/www.neckenmarkt.net\/gemeinde\/?s={search_term_string}"},"query-input":{"@type":"PropertyValueSpecification","valueRequired":true,"valueName":"search_term_string"}}],"inLanguage":"de"},{"@type":"Organization","@id":"https:\/\/www.neckenmarkt.net\/gemeinde\/#organization","name":"Marktgemeinde Neckenmarkt","url":"https:\/\/www.neckenmarkt.net\/gemeinde\/","logo":{"@type":"ImageObject","inLanguage":"de","@id":"https:\/\/www.neckenmarkt.net\/gemeinde\/#\/schema\/logo\/image\/","url":"https:\/\/www.neckenmarkt.net\/gemeinde\/wp-content\/uploads\/2018\/12\/LogoF-e1547210885414.png","contentUrl":"https:\/\/www.neckenmarkt.net\/gemeinde\/wp-content\/uploads\/2018\/12\/LogoF-e1547210885414.png","width":58,"height":90,"caption":"Marktgemeinde Neckenmarkt"},"image":{"@id":"https:\/\/www.neckenmarkt.net\/gemeinde\/#\/schema\/logo\/image\/"},"sameAs":["https:\/\/de.wikipedia.org\/wiki\/Neckenmarkt"]}]}},"_links":{"self":[{"href":"https:\/\/www.neckenmarkt.net\/gemeinde\/wp-json\/wp\/v2\/pages\/6415","targetHints":{"allow":["GET"]}}],"collection":[{"href":"https:\/\/www.neckenmarkt.net\/gemeinde\/wp-json\/wp\/v2\/pages"}],"about":[{"href":"https:\/\/www.neckenmarkt.net\/gemeinde\/wp-json\/wp\/v2\/types\/page"}],"author":[{"embeddable":true,"href":"https:\/\/www.neckenmarkt.net\/gemeinde\/wp-json\/wp\/v2\/users\/1"}],"replies":[{"embeddable":true,"href":"https:\/\/www.neckenmarkt.net\/gemeinde\/wp-json\/wp\/v2\/comments?post=6415"}],"version-history":[{"count":0,"href":"https:\/\/www.neckenmarkt.net\/gemeinde\/wp-json\/wp\/v2\/pages\/6415\/revisions"}],"wp:attachment":[{"href":"https:\/\/www.neckenmarkt.net\/gemeinde\/wp-json\/wp\/v2\/media?parent=6415"}],"curies":[{"name":"wp","href":"https:\/\/api.w.org\/{rel}","templated":true}]}}