{"id":85615,"date":"2022-10-17T15:44:33","date_gmt":"2022-10-17T13:44:33","guid":{"rendered":"https:\/\/www.neckenmarkt.net\/gemeinde\/?page_id=85615"},"modified":"2022-11-12T09:45:41","modified_gmt":"2022-11-12T08:45:41","slug":"donatuskapelle","status":"publish","type":"page","link":"https:\/\/www.neckenmarkt.net\/gemeinde\/donatuskapelle\/","title":{"rendered":"Donatuskapelle"},"content":{"rendered":"\t\t<div data-elementor-type=\"wp-page\" data-elementor-id=\"85615\" class=\"elementor elementor-85615\">\n\t\t\t\t\t\t<section class=\"elementor-section elementor-top-section elementor-element elementor-element-7520062 elementor-section-full_width elementor-section-height-default elementor-section-height-default\" data-id=\"7520062\" data-element_type=\"section\" data-e-type=\"section\">\n\t\t\t\t\t\t<div class=\"elementor-container elementor-column-gap-default\">\n\t\t\t\t\t<div class=\"elementor-column elementor-col-100 elementor-top-column elementor-element elementor-element-af23c05\" data-id=\"af23c05\" data-element_type=\"column\" data-e-type=\"column\">\n\t\t\t<div class=\"elementor-widget-wrap elementor-element-populated\">\n\t\t\t\t\t\t<div class=\"elementor-element elementor-element-98ffbb5 elementor-widget elementor-widget-image\" data-id=\"98ffbb5\" data-element_type=\"widget\" data-e-type=\"widget\" data-widget_type=\"image.default\">\n\t\t\t\t<div class=\"elementor-widget-container\">\n\t\t\t\t\t\t\t\t\t\t\t\t\t\t\t<img fetchpriority=\"high\" decoding=\"async\" width=\"300\" height=\"200\" src=\"https:\/\/www.neckenmarkt.net\/gemeinde\/wp-content\/uploads\/2022\/10\/DSC_3183-300x200.jpg\" class=\"attachment-medium size-medium wp-image-85646\" alt=\"\" srcset=\"https:\/\/www.neckenmarkt.net\/gemeinde\/wp-content\/uploads\/2022\/10\/DSC_3183-300x200.jpg 300w, https:\/\/www.neckenmarkt.net\/gemeinde\/wp-content\/uploads\/2022\/10\/DSC_3183-1024x683.jpg 1024w, https:\/\/www.neckenmarkt.net\/gemeinde\/wp-content\/uploads\/2022\/10\/DSC_3183-768x512.jpg 768w, https:\/\/www.neckenmarkt.net\/gemeinde\/wp-content\/uploads\/2022\/10\/DSC_3183-1536x1024.jpg 1536w, https:\/\/www.neckenmarkt.net\/gemeinde\/wp-content\/uploads\/2022\/10\/DSC_3183-2048x1365.jpg 2048w\" sizes=\"(max-width: 300px) 100vw, 300px\" \/>\t\t\t\t\t\t\t\t\t\t\t\t\t\t\t<\/div>\n\t\t\t\t<\/div>\n\t\t\t\t\t<\/div>\n\t\t<\/div>\n\t\t\t\t\t<\/div>\n\t\t<\/section>\n\t\t\t\t<section class=\"elementor-section elementor-top-section elementor-element elementor-element-7214c6c5 elementor-section-full_width elementor-section-height-default elementor-section-height-default\" data-id=\"7214c6c5\" data-element_type=\"section\" data-e-type=\"section\">\n\t\t\t\t\t\t<div class=\"elementor-container elementor-column-gap-default\">\n\t\t\t\t\t<div class=\"elementor-column elementor-col-100 elementor-top-column elementor-element elementor-element-ba75282\" data-id=\"ba75282\" data-element_type=\"column\" data-e-type=\"column\">\n\t\t\t<div class=\"elementor-widget-wrap elementor-element-populated\">\n\t\t\t\t\t\t<div class=\"elementor-element elementor-element-649261b6 elementor-widget elementor-widget-text-editor\" data-id=\"649261b6\" data-element_type=\"widget\" data-e-type=\"widget\" data-widget_type=\"text-editor.default\">\n\t\t\t\t<div class=\"elementor-widget-container\">\n\t\t\t\t\t\t\t\t\t<p>\u00a0<\/p>\n<p style=\"text-align: justify;\"><span style=\"font-family: tahoma, arial, helvetica, sans-serif; font-size: 16px;\">Um die Instandhaltung k\u00fcmmert sich der Weinbauverein Neckenmarkt. Im Jahr 1999 wurde das Altarbild der Kapelle renoviert. Es h\u00e4ngt nun an der linken Seitenwand im Innenraum. Das jetzige Altarbild stellt die Himmelfahrt Christi dar. Es wurde 1964 vom akademischen Maler Karl Engel gemalt. Das Altarbild davor wurde in Zuge des 2. Weltkrieges zerst\u00f6rt.<\/span><\/p>\n<p style=\"text-align: justify;\"><span style=\"font-family: tahoma, arial, helvetica, sans-serif; font-size: 16px;\">J\u00e4hrlich zu Christi Himmelfahrt f\u00fchrt eine Prozession durch die malerischen Weinberge zur Donatuskapelle, um den Segen f\u00fcr die Weinberge und Felder zu erbitten. <\/span><br \/><span style=\"font-family: tahoma, arial, helvetica, sans-serif; font-size: 16px;\">Im Jahr 2015 wurde die Kapelle generalsaniert und bekam eine neue Glocke. Seitdem werden auf diesem romantischen Pl\u00e4tzchen auch Trauungen und Taufen abgehalten.<\/span><\/p>\n<p style=\"text-align: justify;\"><span style=\"font-family: tahoma, arial, helvetica, sans-serif; font-size: 16px;\">Die Donatuskapelle in den Weing\u00e4rten ist ein\u00a0beliebtes Ausflugsziel, mit einem atemberaubenden Panoramabick weit in die pannonische Tiefebene und, bei klarem Wetter, bis hin zum Neusiedlersee.<\/span><\/p>\n<p style=\"text-align: justify;\"><span style=\"font-family: tahoma, arial, helvetica, sans-serif; font-size: 16px;\">Dieses wundersch\u00f6ne Pl\u00e4tzchen mit der Weingartenkapelle in mitten der Neckenmarkter Weinberge ist ein Kraftort f\u00fcr K\u00f6rper, Geist und Seele.<\/span><\/p>\t\t\t\t\t\t\t\t<\/div>\n\t\t\t\t<\/div>\n\t\t\t\t\t<\/div>\n\t\t<\/div>\n\t\t\t\t\t<\/div>\n\t\t<\/section>\n\t\t\t\t<\/div>\n\t\t","protected":false},"excerpt":{"rendered":"<p>\u00a0 Um die Instandhaltung k\u00fcmmert sich der Weinbauverein Neckenmarkt. Im Jahr 1999 wurde das Altarbild der Kapelle renoviert. Es h\u00e4ngt nun an der linken Seitenwand im Innenraum. Das jetzige Altarbild [&hellip;]<\/p>\n","protected":false},"author":1,"featured_media":0,"parent":0,"menu_order":0,"comment_status":"closed","ping_status":"closed","template":"","meta":{"footnotes":""},"class_list":["post-85615","page","type-page","status-publish","hentry"],"yoast_head":"<!-- This site is optimized with the Yoast SEO plugin v27.6 - https:\/\/yoast.com\/product\/yoast-seo-wordpress\/ -->\n<title>Donatuskapelle - Marktgemeinde Neckenmarkt<\/title>\n<meta name=\"robots\" content=\"index, follow, max-snippet:-1, max-image-preview:large, max-video-preview:-1\" \/>\n<link rel=\"canonical\" href=\"https:\/\/www.neckenmarkt.net\/gemeinde\/donatuskapelle\/\" \/>\n<meta property=\"og:locale\" content=\"de_DE\" \/>\n<meta property=\"og:type\" content=\"article\" \/>\n<meta property=\"og:title\" content=\"Donatuskapelle - Marktgemeinde Neckenmarkt\" \/>\n<meta property=\"og:description\" content=\"\u00a0 Um die Instandhaltung k\u00fcmmert sich der Weinbauverein Neckenmarkt. Im Jahr 1999 wurde das Altarbild der Kapelle renoviert. Es h\u00e4ngt nun an der linken Seitenwand im Innenraum. Das jetzige Altarbild [&hellip;]\" \/>\n<meta property=\"og:url\" content=\"https:\/\/www.neckenmarkt.net\/gemeinde\/donatuskapelle\/\" \/>\n<meta property=\"og:site_name\" content=\"Marktgemeinde Neckenmarkt\" \/>\n<meta property=\"article:modified_time\" content=\"2022-11-12T08:45:41+00:00\" \/>\n<meta property=\"og:image\" content=\"https:\/\/www.neckenmarkt.net\/gemeinde\/wp-content\/uploads\/2022\/10\/DSC_3183-300x200.jpg\" \/>\n<meta name=\"twitter:card\" content=\"summary_large_image\" \/>\n<meta name=\"twitter:label1\" content=\"Gesch\u00e4tzte Lesezeit\" \/>\n\t<meta name=\"twitter:data1\" content=\"2\u00a0Minuten\" \/>\n<script type=\"application\/ld+json\" class=\"yoast-schema-graph\">{\"@context\":\"https:\\\/\\\/schema.org\",\"@graph\":[{\"@type\":\"WebPage\",\"@id\":\"https:\\\/\\\/www.neckenmarkt.net\\\/gemeinde\\\/donatuskapelle\\\/\",\"url\":\"https:\\\/\\\/www.neckenmarkt.net\\\/gemeinde\\\/donatuskapelle\\\/\",\"name\":\"Donatuskapelle - Marktgemeinde Neckenmarkt\",\"isPartOf\":{\"@id\":\"https:\\\/\\\/www.neckenmarkt.net\\\/gemeinde\\\/#website\"},\"primaryImageOfPage\":{\"@id\":\"https:\\\/\\\/www.neckenmarkt.net\\\/gemeinde\\\/donatuskapelle\\\/#primaryimage\"},\"image\":{\"@id\":\"https:\\\/\\\/www.neckenmarkt.net\\\/gemeinde\\\/donatuskapelle\\\/#primaryimage\"},\"thumbnailUrl\":\"https:\\\/\\\/www.neckenmarkt.net\\\/gemeinde\\\/wp-content\\\/uploads\\\/2022\\\/10\\\/DSC_3183-300x200.jpg\",\"datePublished\":\"2022-10-17T13:44:33+00:00\",\"dateModified\":\"2022-11-12T08:45:41+00:00\",\"breadcrumb\":{\"@id\":\"https:\\\/\\\/www.neckenmarkt.net\\\/gemeinde\\\/donatuskapelle\\\/#breadcrumb\"},\"inLanguage\":\"de\",\"potentialAction\":[{\"@type\":\"ReadAction\",\"target\":[\"https:\\\/\\\/www.neckenmarkt.net\\\/gemeinde\\\/donatuskapelle\\\/\"]}]},{\"@type\":\"ImageObject\",\"inLanguage\":\"de\",\"@id\":\"https:\\\/\\\/www.neckenmarkt.net\\\/gemeinde\\\/donatuskapelle\\\/#primaryimage\",\"url\":\"https:\\\/\\\/www.neckenmarkt.net\\\/gemeinde\\\/wp-content\\\/uploads\\\/2022\\\/10\\\/DSC_3183-300x200.jpg\",\"contentUrl\":\"https:\\\/\\\/www.neckenmarkt.net\\\/gemeinde\\\/wp-content\\\/uploads\\\/2022\\\/10\\\/DSC_3183-300x200.jpg\"},{\"@type\":\"BreadcrumbList\",\"@id\":\"https:\\\/\\\/www.neckenmarkt.net\\\/gemeinde\\\/donatuskapelle\\\/#breadcrumb\",\"itemListElement\":[{\"@type\":\"ListItem\",\"position\":1,\"name\":\"Startseite\",\"item\":\"https:\\\/\\\/www.neckenmarkt.net\\\/gemeinde\\\/\"},{\"@type\":\"ListItem\",\"position\":2,\"name\":\"Donatuskapelle\"}]},{\"@type\":\"WebSite\",\"@id\":\"https:\\\/\\\/www.neckenmarkt.net\\\/gemeinde\\\/#website\",\"url\":\"https:\\\/\\\/www.neckenmarkt.net\\\/gemeinde\\\/\",\"name\":\"Marktgemeinde Neckenmarkt\",\"description\":\"\",\"publisher\":{\"@id\":\"https:\\\/\\\/www.neckenmarkt.net\\\/gemeinde\\\/#organization\"},\"potentialAction\":[{\"@type\":\"SearchAction\",\"target\":{\"@type\":\"EntryPoint\",\"urlTemplate\":\"https:\\\/\\\/www.neckenmarkt.net\\\/gemeinde\\\/?s={search_term_string}\"},\"query-input\":{\"@type\":\"PropertyValueSpecification\",\"valueRequired\":true,\"valueName\":\"search_term_string\"}}],\"inLanguage\":\"de\"},{\"@type\":\"Organization\",\"@id\":\"https:\\\/\\\/www.neckenmarkt.net\\\/gemeinde\\\/#organization\",\"name\":\"Marktgemeinde Neckenmarkt\",\"url\":\"https:\\\/\\\/www.neckenmarkt.net\\\/gemeinde\\\/\",\"logo\":{\"@type\":\"ImageObject\",\"inLanguage\":\"de\",\"@id\":\"https:\\\/\\\/www.neckenmarkt.net\\\/gemeinde\\\/#\\\/schema\\\/logo\\\/image\\\/\",\"url\":\"https:\\\/\\\/www.neckenmarkt.net\\\/gemeinde\\\/wp-content\\\/uploads\\\/2018\\\/12\\\/LogoF-e1547210885414.png\",\"contentUrl\":\"https:\\\/\\\/www.neckenmarkt.net\\\/gemeinde\\\/wp-content\\\/uploads\\\/2018\\\/12\\\/LogoF-e1547210885414.png\",\"width\":58,\"height\":90,\"caption\":\"Marktgemeinde Neckenmarkt\"},\"image\":{\"@id\":\"https:\\\/\\\/www.neckenmarkt.net\\\/gemeinde\\\/#\\\/schema\\\/logo\\\/image\\\/\"},\"sameAs\":[\"https:\\\/\\\/de.wikipedia.org\\\/wiki\\\/Neckenmarkt\"]}]}<\/script>\n<!-- \/ Yoast SEO plugin. -->","yoast_head_json":{"title":"Donatuskapelle - Marktgemeinde Neckenmarkt","robots":{"index":"index","follow":"follow","max-snippet":"max-snippet:-1","max-image-preview":"max-image-preview:large","max-video-preview":"max-video-preview:-1"},"canonical":"https:\/\/www.neckenmarkt.net\/gemeinde\/donatuskapelle\/","og_locale":"de_DE","og_type":"article","og_title":"Donatuskapelle - Marktgemeinde Neckenmarkt","og_description":"\u00a0 Um die Instandhaltung k\u00fcmmert sich der Weinbauverein Neckenmarkt. Im Jahr 1999 wurde das Altarbild der Kapelle renoviert. Es h\u00e4ngt nun an der linken Seitenwand im Innenraum. Das jetzige Altarbild [&hellip;]","og_url":"https:\/\/www.neckenmarkt.net\/gemeinde\/donatuskapelle\/","og_site_name":"Marktgemeinde Neckenmarkt","article_modified_time":"2022-11-12T08:45:41+00:00","og_image":[{"url":"https:\/\/www.neckenmarkt.net\/gemeinde\/wp-content\/uploads\/2022\/10\/DSC_3183-300x200.jpg","type":"","width":"","height":""}],"twitter_card":"summary_large_image","twitter_misc":{"Gesch\u00e4tzte Lesezeit":"2\u00a0Minuten"},"schema":{"@context":"https:\/\/schema.org","@graph":[{"@type":"WebPage","@id":"https:\/\/www.neckenmarkt.net\/gemeinde\/donatuskapelle\/","url":"https:\/\/www.neckenmarkt.net\/gemeinde\/donatuskapelle\/","name":"Donatuskapelle - Marktgemeinde Neckenmarkt","isPartOf":{"@id":"https:\/\/www.neckenmarkt.net\/gemeinde\/#website"},"primaryImageOfPage":{"@id":"https:\/\/www.neckenmarkt.net\/gemeinde\/donatuskapelle\/#primaryimage"},"image":{"@id":"https:\/\/www.neckenmarkt.net\/gemeinde\/donatuskapelle\/#primaryimage"},"thumbnailUrl":"https:\/\/www.neckenmarkt.net\/gemeinde\/wp-content\/uploads\/2022\/10\/DSC_3183-300x200.jpg","datePublished":"2022-10-17T13:44:33+00:00","dateModified":"2022-11-12T08:45:41+00:00","breadcrumb":{"@id":"https:\/\/www.neckenmarkt.net\/gemeinde\/donatuskapelle\/#breadcrumb"},"inLanguage":"de","potentialAction":[{"@type":"ReadAction","target":["https:\/\/www.neckenmarkt.net\/gemeinde\/donatuskapelle\/"]}]},{"@type":"ImageObject","inLanguage":"de","@id":"https:\/\/www.neckenmarkt.net\/gemeinde\/donatuskapelle\/#primaryimage","url":"https:\/\/www.neckenmarkt.net\/gemeinde\/wp-content\/uploads\/2022\/10\/DSC_3183-300x200.jpg","contentUrl":"https:\/\/www.neckenmarkt.net\/gemeinde\/wp-content\/uploads\/2022\/10\/DSC_3183-300x200.jpg"},{"@type":"BreadcrumbList","@id":"https:\/\/www.neckenmarkt.net\/gemeinde\/donatuskapelle\/#breadcrumb","itemListElement":[{"@type":"ListItem","position":1,"name":"Startseite","item":"https:\/\/www.neckenmarkt.net\/gemeinde\/"},{"@type":"ListItem","position":2,"name":"Donatuskapelle"}]},{"@type":"WebSite","@id":"https:\/\/www.neckenmarkt.net\/gemeinde\/#website","url":"https:\/\/www.neckenmarkt.net\/gemeinde\/","name":"Marktgemeinde Neckenmarkt","description":"","publisher":{"@id":"https:\/\/www.neckenmarkt.net\/gemeinde\/#organization"},"potentialAction":[{"@type":"SearchAction","target":{"@type":"EntryPoint","urlTemplate":"https:\/\/www.neckenmarkt.net\/gemeinde\/?s={search_term_string}"},"query-input":{"@type":"PropertyValueSpecification","valueRequired":true,"valueName":"search_term_string"}}],"inLanguage":"de"},{"@type":"Organization","@id":"https:\/\/www.neckenmarkt.net\/gemeinde\/#organization","name":"Marktgemeinde Neckenmarkt","url":"https:\/\/www.neckenmarkt.net\/gemeinde\/","logo":{"@type":"ImageObject","inLanguage":"de","@id":"https:\/\/www.neckenmarkt.net\/gemeinde\/#\/schema\/logo\/image\/","url":"https:\/\/www.neckenmarkt.net\/gemeinde\/wp-content\/uploads\/2018\/12\/LogoF-e1547210885414.png","contentUrl":"https:\/\/www.neckenmarkt.net\/gemeinde\/wp-content\/uploads\/2018\/12\/LogoF-e1547210885414.png","width":58,"height":90,"caption":"Marktgemeinde Neckenmarkt"},"image":{"@id":"https:\/\/www.neckenmarkt.net\/gemeinde\/#\/schema\/logo\/image\/"},"sameAs":["https:\/\/de.wikipedia.org\/wiki\/Neckenmarkt"]}]}},"_links":{"self":[{"href":"https:\/\/www.neckenmarkt.net\/gemeinde\/wp-json\/wp\/v2\/pages\/85615","targetHints":{"allow":["GET"]}}],"collection":[{"href":"https:\/\/www.neckenmarkt.net\/gemeinde\/wp-json\/wp\/v2\/pages"}],"about":[{"href":"https:\/\/www.neckenmarkt.net\/gemeinde\/wp-json\/wp\/v2\/types\/page"}],"author":[{"embeddable":true,"href":"https:\/\/www.neckenmarkt.net\/gemeinde\/wp-json\/wp\/v2\/users\/1"}],"replies":[{"embeddable":true,"href":"https:\/\/www.neckenmarkt.net\/gemeinde\/wp-json\/wp\/v2\/comments?post=85615"}],"version-history":[{"count":0,"href":"https:\/\/www.neckenmarkt.net\/gemeinde\/wp-json\/wp\/v2\/pages\/85615\/revisions"}],"wp:attachment":[{"href":"https:\/\/www.neckenmarkt.net\/gemeinde\/wp-json\/wp\/v2\/media?parent=85615"}],"curies":[{"name":"wp","href":"https:\/\/api.w.org\/{rel}","templated":true}]}}