{"id":87830,"date":"2024-03-13T08:51:42","date_gmt":"2024-03-13T07:51:42","guid":{"rendered":"https:\/\/www.neckenmarkt.net\/gemeinde\/?page_id=87830"},"modified":"2026-02-02T09:51:33","modified_gmt":"2026-02-02T08:51:33","slug":"vereinsliste-2","status":"publish","type":"page","link":"https:\/\/www.neckenmarkt.net\/gemeinde\/vereinsliste-2\/","title":{"rendered":"Vereinsliste"},"content":{"rendered":"\t\t<div data-elementor-type=\"wp-page\" data-elementor-id=\"87830\" class=\"elementor elementor-87830\">\n\t\t\t\t\t\t<section class=\"elementor-section elementor-top-section elementor-element elementor-element-decccaa elementor-section-full_width elementor-section-height-default elementor-section-height-default\" data-id=\"decccaa\" data-element_type=\"section\" data-e-type=\"section\">\n\t\t\t\t\t\t<div class=\"elementor-container elementor-column-gap-default\">\n\t\t\t\t\t<div class=\"elementor-column elementor-col-100 elementor-top-column elementor-element elementor-element-cac26e4\" data-id=\"cac26e4\" data-element_type=\"column\" data-e-type=\"column\">\n\t\t\t<div class=\"elementor-widget-wrap elementor-element-populated\">\n\t\t\t\t\t\t<div class=\"elementor-element elementor-element-f40f4c8 elementor-widget elementor-widget-text-editor\" data-id=\"f40f4c8\" data-element_type=\"widget\" data-e-type=\"widget\" data-widget_type=\"text-editor.default\">\n\t\t\t\t<div class=\"elementor-widget-container\">\n\t\t\t\t\t\t\t\t\t<table  class=\" table table-hover\" style=\"width: 177.905%;\" width=\"177.905%\">\n<tbody>\n<tr>\n<td style=\"width: 28.1648%;\" width=\"218\">\n<p><strong>Verein<\/strong><\/p>\n<\/td>\n<td style=\"width: 14.6669%;\" width=\"170\">\n<p><strong>Name<\/strong><\/p>\n<\/td>\n<td style=\"width: 33.5793%;\" width=\"151\">\n<p><strong>Adresse<\/strong><\/p>\n<\/td>\n<td style=\"width: 21.8524%;\" width=\"151\">\n<p><strong>Ort<\/strong><\/p>\n<\/td>\n<\/tr>\n<tr>\n<td style=\"width: 28.1648%;\" width=\"218\">\n<p>Adventmarkt GENEMA<\/p>\n<\/td>\n<td style=\"width: 14.6669%;\" width=\"170\">\n<p>Iby Hans<\/p>\n<\/td>\n<td style=\"width: 33.5793%;\" width=\"151\">\n<p>Neubaugasse 17<\/p>\n<\/td>\n<td style=\"width: 21.8524%;\" width=\"151\">\n<p>7311 Neckenmarkt<\/p>\n<\/td>\n<\/tr>\n<tr>\n<td style=\"width: 28.1648%;\" width=\"218\">\n<p>\u00c4ltere Generation<\/p>\n<\/td>\n<td style=\"width: 14.6669%;\" width=\"170\">\n<p><span style=\"background-color: transparent; font-family: Tahoma, Geneva;\"><span style=\"font-family: georgia, palatino, serif;\">Mayerhofer Paul<\/span><br \/><\/span>Kallinger Johann<\/p>\n<\/td>\n<td style=\"width: 33.5793%;\" width=\"151\">\n<p>Mariengasse 9<br \/>K\u00f6nigsgasse 47<\/p>\n<\/td>\n<td style=\"width: 21.8524%;\" width=\"151\">\n<p>7311 Neckenmarkt<\/p>\n<\/td>\n<\/tr>\n<tr>\n<td style=\"width: 28.1648%;\" width=\"218\">\n<p>ARB\u00d6 NECKENMARKT<\/p>\n<\/td>\n<td style=\"width: 14.6669%;\" width=\"170\">\n<p>Ecker Hermann<\/p>\n<\/td>\n<td style=\"width: 33.5793%;\" width=\"151\">\n<p>K\u00f6nigsgasse 3<\/p>\n<\/td>\n<td style=\"width: 21.8524%;\" width=\"151\">\n<p>7311 Neckenmarkt<\/p>\n<\/td>\n<\/tr>\n<tr>\n<td style=\"width: 28.1648%;\" width=\"218\">\n<p>Bienenzuchtverein<\/p>\n<\/td>\n<td style=\"width: 14.6669%;\" width=\"170\">\n<p>Eichberger Matthias<\/p>\n<\/td>\n<td style=\"width: 33.5793%;\" width=\"151\">\n<p>Gartengasse 45<\/p>\n<\/td>\n<td style=\"width: 21.8524%;\" width=\"151\">\n<p>7311 Neckenmarkt<\/p>\n<\/td>\n<\/tr>\n<tr>\n<td style=\"width: 28.1648%;\" width=\"218\">\n<p>Binkerlballverein<\/p>\n<\/td>\n<td style=\"width: 14.6669%;\" width=\"170\">\n<p>Ecker Petra<\/p>\n<\/td>\n<td style=\"width: 33.5793%;\" width=\"151\">\n<p>Feldgasse 19<\/p>\n<\/td>\n<td style=\"width: 21.8524%;\" width=\"151\">\n<p>7311 Neckenmarkt<\/p>\n<\/td>\n<\/tr>\n<tr>\n<td style=\"width: 28.1648%;\" width=\"218\">\n<p>Biow\u00e4rme Haschendorf<\/p>\n<\/td>\n<td style=\"width: 14.6669%;\" width=\"170\">\n<p>Artner Franz<\/p>\n<\/td>\n<td style=\"width: 33.5793%;\" width=\"151\">\n<p>Neugasse 1<\/p>\n<\/td>\n<td style=\"width: 21.8524%;\" width=\"151\">\n<p>7311 Neckenmarkt<\/p>\n<\/td>\n<\/tr>\n<tr>\n<td style=\"width: 28.1648%;\" width=\"218\">\n<p>Burschenschaft Haschendorf<\/p>\n<\/td>\n<td style=\"width: 14.6669%;\" width=\"170\">\n<p>Hahn Patrick<\/p>\n<\/td>\n<td style=\"width: 33.5793%;\" width=\"151\">\n<p>Haschendorf 40<\/p>\n<\/td>\n<td style=\"width: 21.8524%;\" width=\"151\">\n<p>7311 Neckenmarkt<\/p>\n<\/td>\n<\/tr>\n<tr>\n<td style=\"width: 28.1648%;\" width=\"218\">\n<p>Burschenschaft Neckenmarkt<\/p>\n<\/td>\n<td style=\"width: 14.6669%;\" width=\"170\">\n<p>Z\u00f6rfusz Julian<\/p>\n<\/td>\n<td style=\"width: 33.5793%;\" width=\"151\">\n<p>Rathausgasse 25<\/p>\n<\/td>\n<td style=\"width: 21.8524%;\" width=\"151\">\n<p>7311 Neckenmarkt<\/p>\n<\/td>\n<\/tr>\n<tr>\n<td style=\"width: 28.1648%;\" width=\"218\">\n<p>Fernw\u00e4rme Neckenmarkt<\/p>\n<\/td>\n<td style=\"width: 14.6669%;\" width=\"170\">\n<p>Tritremmel Anton<\/p>\n<\/td>\n<td style=\"width: 33.5793%;\" width=\"151\">\n<p>Elisabethgasse 18<\/p>\n<\/td>\n<td style=\"width: 21.8524%;\" width=\"151\">\n<p>7311 Neckenmarkt<\/p>\n<\/td>\n<\/tr>\n<tr>\n<td style=\"width: 28.1648%;\" width=\"218\">\n<p>Feuerwehr Haschendorf<\/p>\n<\/td>\n<td style=\"width: 14.6669%;\" width=\"170\">\n<p>Schlaffer Michael<\/p>\n<\/td>\n<td style=\"width: 33.5793%;\" width=\"151\">\n<p>Haschendorf 34<\/p>\n<\/td>\n<td style=\"width: 21.8524%;\" width=\"151\">\n<p>7311 Neckenmarkt<\/p>\n<\/td>\n<\/tr>\n<tr>\n<td style=\"width: 28.1648%;\" width=\"218\">\n<p>Feuerwehr Neckenmarkt<\/p>\n<\/td>\n<td style=\"width: 14.6669%;\" width=\"170\">\n<p>Lang Markus<\/p>\n<\/td>\n<td style=\"width: 33.5793%;\" width=\"151\">\n<p>Gartengasse 4<\/p>\n<\/td>\n<td style=\"width: 21.8524%;\" width=\"151\">\n<p>7311 Neckenmarkt<\/p>\n<\/td>\n<\/tr>\n<tr>\n<td style=\"width: 28.1648%;\" width=\"218\">\n<p>Freundeskreis Pfarrer Franz Wohlmuth<\/p>\n<\/td>\n<td style=\"width: 14.6669%;\" width=\"170\">\n<p>Landauer Hermine<\/p>\n<\/td>\n<td style=\"width: 33.5793%;\" width=\"151\">\n<p>Schulgasse 3<\/p>\n<\/td>\n<td style=\"width: 21.8524%;\" width=\"151\">\n<p>7311 Neckenmarkt<\/p>\n<\/td>\n<\/tr>\n<tr>\n<td style=\"width: 28.1648%;\" width=\"218\">\n<p>Jagdausschuss Haschendorf<\/p>\n<\/td>\n<td style=\"width: 14.6669%;\" width=\"170\">\n<p>Hahn Herbert<\/p>\n<\/td>\n<td style=\"width: 33.5793%;\" width=\"151\">\n<p>Haschendorf 39<\/p>\n<\/td>\n<td style=\"width: 21.8524%;\" width=\"151\">\n<p>7311 Neckenmarkt<\/p>\n<\/td>\n<\/tr>\n<tr>\n<td style=\"width: 28.1648%;\" width=\"218\">\n<p>Jagdgesellschaft Haschendorf<\/p>\n<\/td>\n<td style=\"width: 14.6669%;\" width=\"170\">\n<p>Schekolin Erwin<\/p>\n<\/td>\n<td style=\"width: 33.5793%;\" width=\"151\">\n<p>Haschendorf 11a<\/p>\n<\/td>\n<td style=\"width: 21.8524%;\" width=\"151\">\n<p>7311 Neckenmarkt<\/p>\n<\/td>\n<\/tr>\n<tr>\n<td style=\"width: 28.1648%;\" width=\"218\">\n<p>Jagdgesellschaft Neckenmarkt<\/p>\n<\/td>\n<td style=\"width: 14.6669%;\" width=\"170\">\n<p>Rittenbacher Franz<\/p>\n<\/td>\n<td style=\"width: 33.5793%;\" width=\"151\">\n<p>Am Steinbruch 19<\/p>\n<\/td>\n<td style=\"width: 21.8524%;\" width=\"151\">\n<p>7311 Neckenmarkt<\/p>\n<\/td>\n<\/tr>\n<tr>\n<td style=\"width: 28.1648%;\" width=\"218\">\n<p>Jagdgesellschaft Urbarial Neckenmarkt<\/p>\n<\/td>\n<td style=\"width: 14.6669%;\" width=\"170\">\n<p>Ecker Paul<\/p>\n<\/td>\n<td style=\"width: 33.5793%;\" width=\"151\">\n<p>Hauptstra\u00dfe 67<\/p>\n<\/td>\n<td style=\"width: 21.8524%;\" width=\"151\">\n<p>7321 Unterfrauenhaid<\/p>\n<\/td>\n<\/tr>\n<tr>\n<td style=\"width: 28.1648%;\" width=\"218\">\n<p>Junge \u00d6VP Neckenmarkt<\/p>\n<\/td>\n<td style=\"width: 14.6669%;\" width=\"170\">\n<p>Vondrejs Phillip<\/p>\n<\/td>\n<td style=\"width: 33.5793%;\" width=\"151\">\n<p>Augasse 7<\/p>\n<\/td>\n<td style=\"width: 21.8524%;\" width=\"151\">\n<p>7311 Neckenmarkt<\/p>\n<\/td>\n<\/tr>\n<tr>\n<td style=\"width: 28.1648%;\" width=\"218\">\n<p>Kinderfreunde Neckenmarkt<\/p>\n<\/td>\n<td style=\"width: 14.6669%;\" width=\"170\">\n<p>Geisinger Roland<\/p>\n<\/td>\n<td style=\"width: 33.5793%;\" width=\"151\">\n<p>Bahngasse 11<\/p>\n<\/td>\n<td style=\"width: 21.8524%;\" width=\"151\">\n<p>7311 Neckenmarkt<\/p>\n<\/td>\n<\/tr>\n<tr>\n<td style=\"width: 28.1648%;\" width=\"218\">\n<p>Kirchenchor<\/p>\n<\/td>\n<td style=\"width: 14.6669%;\" width=\"170\">\n<p>Weinh\u00e4usel Petra<\/p>\n<\/td>\n<td style=\"width: 33.5793%;\" width=\"151\">\n<p>Neubaugasse 16<\/p>\n<\/td>\n<td style=\"width: 21.8524%;\" width=\"151\">\n<p>7311 Neckenmarkt<\/p>\n<\/td>\n<\/tr>\n<tr>\n<td style=\"width: 28.1648%;\" width=\"218\">\n<p>LMB &#8211; Leichtathletik Mittelburgenland<\/p>\n<\/td>\n<td style=\"width: 14.6669%;\" width=\"170\">\n<p>Pendl Stefan<\/p>\n<\/td>\n<td style=\"width: 33.5793%;\" width=\"151\">\n<p>Csarnaweg 4<\/p>\n<\/td>\n<td style=\"width: 21.8524%;\" width=\"151\">\n<p>7311 Neckenmarkt<\/p>\n<\/td>\n<\/tr>\n<tr>\n<td style=\"width: 28.1648%;\" width=\"218\">\n<p>MV Weinland Neckenmarkt-Horitschon<\/p>\n<\/td>\n<td style=\"width: 14.6669%;\" width=\"170\">\n<p>Winterer Johannes<\/p>\n<\/td>\n<td style=\"width: 33.5793%;\" width=\"151\">\n<p>Mariengasse 7<\/p>\n<\/td>\n<td style=\"width: 21.8524%;\" width=\"151\">\n<p>7311 Neckenmarkt<\/p>\n<\/td>\n<\/tr>\n<tr>\n<td style=\"width: 28.1648%;\" width=\"218\">\n<p>M\u00e4nnerchor<\/p>\n<\/td>\n<td style=\"width: 14.6669%;\" width=\"170\">\n<p>Wieder Albert<\/p>\n<\/td>\n<td style=\"width: 33.5793%;\" width=\"151\">\n<p>K\u00f6nigsgasse 53a<\/p>\n<\/td>\n<td style=\"width: 21.8524%;\" width=\"151\">\n<p>7311 Neckenmarkt<\/p>\n<\/td>\n<\/tr>\n<tr>\n<td style=\"width: 28.1648%;\" width=\"218\">\n<p>Neckenmarkter M\u00e4dls<\/p>\n<\/td>\n<td style=\"width: 14.6669%;\" width=\"170\">\n<p>Ecker Anna<\/p>\n<\/td>\n<td style=\"width: 33.5793%;\" width=\"151\">\n<p>Feldgasse 19<\/p>\n<\/td>\n<td style=\"width: 21.8524%;\" width=\"151\">\n<p>7311 Neckenmarkt<\/p>\n<\/td>\n<\/tr>\n<tr>\n<td style=\"width: 28.1648%;\" width=\"218\">\n<p>Pensionistenverein<\/p>\n<\/td>\n<td style=\"width: 14.6669%;\" width=\"170\">\n<p>Patronovits Josef<\/p>\n<\/td>\n<td style=\"width: 33.5793%;\" width=\"151\">\n<p>Lange Zeile 58<\/p>\n<\/td>\n<td style=\"width: 21.8524%;\" width=\"151\">\n<p>7311 Neckenmarkt<\/p>\n<\/td>\n<\/tr>\n<tr>\n<td style=\"width: 28.1648%;\" width=\"218\">\n<p>Pfarrgemeinderat Haschendorf<\/p>\n<\/td>\n<td style=\"width: 14.6669%;\" width=\"170\">\n<p>Lang Karin<\/p>\n<\/td>\n<td style=\"width: 33.5793%;\" width=\"151\">\n<p>Wiesenweg 2<\/p>\n<\/td>\n<td style=\"width: 21.8524%;\" width=\"151\">\n<p>7311 Neckenmarkt<\/p>\n<\/td>\n<\/tr>\n<tr>\n<td style=\"width: 28.1648%;\" width=\"218\">\n<p>Pfarrgemeinderat Neckenmarkt<\/p>\n<\/td>\n<td style=\"width: 14.6669%;\" width=\"170\">\n<p>Ecker Petra<\/p>\n<\/td>\n<td style=\"width: 33.5793%;\" width=\"151\">\n<p>Feldgasse 19<\/p>\n<\/td>\n<td style=\"width: 21.8524%;\" width=\"151\">\n<p>7311 Neckenmarkt<\/p>\n<\/td>\n<\/tr>\n<tr>\n<td style=\"width: 28.1648%;\" width=\"218\">\n<p>Ortsausschuss Haschendorf<\/p>\n<\/td>\n<td style=\"width: 14.6669%;\" width=\"170\">\n<p>Neubauer Stefan<\/p>\n<\/td>\n<td style=\"width: 33.5793%;\" width=\"151\">\n<p>Haschendorf 35<\/p>\n<\/td>\n<td style=\"width: 21.8524%;\" width=\"151\">\n<p>7311 Neckenmarkt<\/p>\n<\/td>\n<\/tr>\n<tr>\n<td style=\"width: 28.1648%;\" width=\"218\">\n<p>Seniorenbund Neckenmarkt<br \/>Fotos <span style=\"font-size: 14px; font-family: tahoma, arial, helvetica, sans-serif;\"><a href=\"https:\/\/www.flickr.com\/photos\/196951907@N05\/albums\">HIER<\/a>\u2026<\/span><\/p>\n<\/td>\n<td style=\"width: 14.6669%;\" width=\"170\">\n<p>Mayerhofer Paul<\/p>\n<\/td>\n<td style=\"width: 33.5793%;\" width=\"151\">\n<p>Mariengasse 9<\/p>\n<\/td>\n<td style=\"width: 21.8524%;\" width=\"151\">\n<p>7311 Neckenmarkt<\/p>\n<\/td>\n<\/tr>\n<tr>\n<td style=\"width: 28.1648%;\" width=\"218\">\n<p>SP\u00d6 Neckenmarkt<\/p>\n<\/td>\n<td style=\"width: 14.6669%;\" width=\"170\">\n<p>Ecker Franz<\/p>\n<\/td>\n<td style=\"width: 33.5793%;\" width=\"151\">\n<p>Feldgasse 22<\/p>\n<\/td>\n<td style=\"width: 21.8524%;\" width=\"151\">\n<p>7311 Neckenmarkt<\/p>\n<\/td>\n<\/tr>\n<tr>\n<td style=\"width: 28.1648%;\" width=\"218\">\n<p>Urbarial Haschendorf<\/p>\n<\/td>\n<td style=\"width: 14.6669%;\" width=\"170\">\n<p>Schekolin Erwin<\/p>\n<\/td>\n<td style=\"width: 33.5793%;\" width=\"151\">\n<p>Haschendorf 11a<\/p>\n<\/td>\n<td style=\"width: 21.8524%;\" width=\"151\">\n<p>7311 Neckenmarkt<\/p>\n<\/td>\n<\/tr>\n<tr>\n<td style=\"width: 28.1648%;\" width=\"218\">\n<p>Urbarial Neckenmarkt<\/p>\n<\/td>\n<td style=\"width: 14.6669%;\" width=\"170\">\n<p>Lang Markus<\/p>\n<\/td>\n<td style=\"width: 33.5793%;\" width=\"151\">\n<p>Gartengasse<\/p>\n<\/td>\n<td style=\"width: 21.8524%;\" width=\"151\">\n<p>7311 Neckenmarkt<\/p>\n<\/td>\n<\/tr>\n<tr>\n<td style=\"width: 28.1648%;\" width=\"218\">\n<p>UFC Neckenmarkt<\/p>\n<\/td>\n<td style=\"width: 14.6669%;\" width=\"170\">\n<p>Heinrich Elmar<\/p>\n<\/td>\n<td style=\"width: 33.5793%;\" width=\"151\">\n<p>Braunsdorferweg 21<\/p>\n<\/td>\n<td style=\"width: 21.8524%;\" width=\"151\">\n<p>7311 Neckenmarkt<\/p>\n<\/td>\n<\/tr>\n<tr>\n<td style=\"width: 28.1648%;\" width=\"218\">\n<p>UTC Neckenmarkt<\/p>\n<\/td>\n<td style=\"width: 14.6669%;\" width=\"170\">\n<p>Tritremmel Thomas<\/p>\n<\/td>\n<td style=\"width: 33.5793%;\" width=\"151\">\n<p>Elisabethgasse 18<\/p>\n<\/td>\n<td style=\"width: 21.8524%;\" width=\"151\">\n<p>7311 Neckenmarkt<\/p>\n<\/td>\n<\/tr>\n<tr>\n<td style=\"width: 28.1648%;\" width=\"218\">\n<p>Versch\u00f6nerungsverein Haschendorf<\/p>\n<\/td>\n<td style=\"width: 14.6669%;\" width=\"170\">\n<p>Handler Doris<\/p>\n<\/td>\n<td style=\"width: 33.5793%;\" width=\"151\">\n<p>Haschendorf 13<\/p>\n<\/td>\n<td style=\"width: 21.8524%;\" width=\"151\">\n<p>7311 Neckenmarkt<\/p>\n<\/td>\n<\/tr>\n<tr>\n<td style=\"width: 28.1648%;\" width=\"218\">\n<p>Versch\u00f6nerungsverein Neckenmarkt<\/p>\n<\/td>\n<td style=\"width: 14.6669%;\" width=\"170\">\n<p>Bendl Franz<\/p>\n<\/td>\n<td style=\"width: 33.5793%;\" width=\"151\">\n<p>Lange Zeile 77<\/p>\n<\/td>\n<td style=\"width: 21.8524%;\" width=\"151\">\n<p>7311 Neckenmarkt<\/p>\n<\/td>\n<\/tr>\n<tr>\n<td style=\"width: 28.1648%;\" width=\"218\">\n<p>Volksbildungswerk Neckenmarkt<\/p>\n<\/td>\n<td style=\"width: 14.6669%;\" width=\"170\">\n<p>Schlaffer Verena<\/p>\n<\/td>\n<td style=\"width: 33.5793%;\" width=\"151\">\n<p>Karl Heincz Gasse 4<\/p>\n<\/td>\n<td style=\"width: 21.8524%;\" width=\"151\">\n<p>7311 Neckenmarkt<\/p>\n<\/td>\n<\/tr>\n<tr>\n<td style=\"width: 28.1648%;\" width=\"218\">\n<p><a href=\"https:\/\/www.sammawein.at\/\">Weinbauverein Neckenmarkt<\/a><\/p>\n<\/td>\n<td style=\"width: 14.6669%;\" width=\"170\">\n<p>Wieder Gerald<\/p>\n<\/td>\n<td style=\"width: 33.5793%;\" width=\"151\">\n<p>Lange Zeile 21<\/p>\n<\/td>\n<td style=\"width: 21.8524%;\" width=\"151\">\n<p>7311 Neckenmarkt<\/p>\n<\/td>\n<\/tr>\n<tr>\n<td style=\"width: 28.1648%;\" width=\"218\">\n<p>Neckenmarkt die Winzer<\/p>\n<\/td>\n<td style=\"width: 14.6669%;\" width=\"170\">\n<p>Iby Gerhard<\/p>\n<\/td>\n<td style=\"width: 33.5793%;\" width=\"151\">\n<p>Lange Zeile 29<\/p>\n<\/td>\n<td style=\"width: 21.8524%;\" width=\"151\">\n<p>7311 Neckenmarkt<\/p>\n<\/td>\n<\/tr>\n<\/tbody>\n<\/table>\t\t\t\t\t\t\t\t<\/div>\n\t\t\t\t<\/div>\n\t\t\t\t\t<\/div>\n\t\t<\/div>\n\t\t\t\t\t<\/div>\n\t\t<\/section>\n\t\t\t\t<\/div>\n\t\t","protected":false},"excerpt":{"rendered":"<p>Verein Name Adresse Ort Adventmarkt GENEMA Iby Hans Neubaugasse 17 7311 Neckenmarkt \u00c4ltere Generation Mayerhofer PaulKallinger Johann Mariengasse 9K\u00f6nigsgasse 47 7311 Neckenmarkt ARB\u00d6 NECKENMARKT Ecker Hermann K\u00f6nigsgasse 3 7311 Neckenmarkt [&hellip;]<\/p>\n","protected":false},"author":1,"featured_media":0,"parent":0,"menu_order":0,"comment_status":"closed","ping_status":"closed","template":"","meta":{"footnotes":""},"class_list":["post-87830","page","type-page","status-publish","hentry"],"yoast_head":"<!-- This site is optimized with the Yoast SEO plugin v27.5 - https:\/\/yoast.com\/product\/yoast-seo-wordpress\/ -->\n<title>Vereinsliste - Marktgemeinde Neckenmarkt<\/title>\n<meta name=\"robots\" content=\"index, follow, max-snippet:-1, max-image-preview:large, max-video-preview:-1\" \/>\n<link rel=\"canonical\" href=\"https:\/\/www.neckenmarkt.net\/gemeinde\/vereinsliste-2\/\" \/>\n<meta property=\"og:locale\" content=\"de_DE\" \/>\n<meta property=\"og:type\" content=\"article\" \/>\n<meta property=\"og:title\" content=\"Vereinsliste - Marktgemeinde Neckenmarkt\" \/>\n<meta property=\"og:description\" content=\"Verein Name Adresse Ort Adventmarkt GENEMA Iby Hans Neubaugasse 17 7311 Neckenmarkt \u00c4ltere Generation Mayerhofer PaulKallinger Johann Mariengasse 9K\u00f6nigsgasse 47 7311 Neckenmarkt ARB\u00d6 NECKENMARKT Ecker Hermann K\u00f6nigsgasse 3 7311 Neckenmarkt [&hellip;]\" \/>\n<meta property=\"og:url\" content=\"https:\/\/www.neckenmarkt.net\/gemeinde\/vereinsliste-2\/\" \/>\n<meta property=\"og:site_name\" content=\"Marktgemeinde Neckenmarkt\" \/>\n<meta property=\"article:modified_time\" content=\"2026-02-02T08:51:33+00:00\" \/>\n<meta name=\"twitter:card\" content=\"summary_large_image\" \/>\n<meta name=\"twitter:label1\" content=\"Gesch\u00e4tzte Lesezeit\" \/>\n\t<meta name=\"twitter:data1\" content=\"2\u00a0Minuten\" \/>\n<script type=\"application\/ld+json\" class=\"yoast-schema-graph\">{\"@context\":\"https:\\\/\\\/schema.org\",\"@graph\":[{\"@type\":\"WebPage\",\"@id\":\"https:\\\/\\\/www.neckenmarkt.net\\\/gemeinde\\\/vereinsliste-2\\\/\",\"url\":\"https:\\\/\\\/www.neckenmarkt.net\\\/gemeinde\\\/vereinsliste-2\\\/\",\"name\":\"Vereinsliste - Marktgemeinde Neckenmarkt\",\"isPartOf\":{\"@id\":\"https:\\\/\\\/www.neckenmarkt.net\\\/gemeinde\\\/#website\"},\"datePublished\":\"2024-03-13T07:51:42+00:00\",\"dateModified\":\"2026-02-02T08:51:33+00:00\",\"breadcrumb\":{\"@id\":\"https:\\\/\\\/www.neckenmarkt.net\\\/gemeinde\\\/vereinsliste-2\\\/#breadcrumb\"},\"inLanguage\":\"de\",\"potentialAction\":[{\"@type\":\"ReadAction\",\"target\":[\"https:\\\/\\\/www.neckenmarkt.net\\\/gemeinde\\\/vereinsliste-2\\\/\"]}]},{\"@type\":\"BreadcrumbList\",\"@id\":\"https:\\\/\\\/www.neckenmarkt.net\\\/gemeinde\\\/vereinsliste-2\\\/#breadcrumb\",\"itemListElement\":[{\"@type\":\"ListItem\",\"position\":1,\"name\":\"Startseite\",\"item\":\"https:\\\/\\\/www.neckenmarkt.net\\\/gemeinde\\\/\"},{\"@type\":\"ListItem\",\"position\":2,\"name\":\"Vereinsliste\"}]},{\"@type\":\"WebSite\",\"@id\":\"https:\\\/\\\/www.neckenmarkt.net\\\/gemeinde\\\/#website\",\"url\":\"https:\\\/\\\/www.neckenmarkt.net\\\/gemeinde\\\/\",\"name\":\"Marktgemeinde Neckenmarkt\",\"description\":\"\",\"publisher\":{\"@id\":\"https:\\\/\\\/www.neckenmarkt.net\\\/gemeinde\\\/#organization\"},\"potentialAction\":[{\"@type\":\"SearchAction\",\"target\":{\"@type\":\"EntryPoint\",\"urlTemplate\":\"https:\\\/\\\/www.neckenmarkt.net\\\/gemeinde\\\/?s={search_term_string}\"},\"query-input\":{\"@type\":\"PropertyValueSpecification\",\"valueRequired\":true,\"valueName\":\"search_term_string\"}}],\"inLanguage\":\"de\"},{\"@type\":\"Organization\",\"@id\":\"https:\\\/\\\/www.neckenmarkt.net\\\/gemeinde\\\/#organization\",\"name\":\"Marktgemeinde Neckenmarkt\",\"url\":\"https:\\\/\\\/www.neckenmarkt.net\\\/gemeinde\\\/\",\"logo\":{\"@type\":\"ImageObject\",\"inLanguage\":\"de\",\"@id\":\"https:\\\/\\\/www.neckenmarkt.net\\\/gemeinde\\\/#\\\/schema\\\/logo\\\/image\\\/\",\"url\":\"https:\\\/\\\/www.neckenmarkt.net\\\/gemeinde\\\/wp-content\\\/uploads\\\/2018\\\/12\\\/LogoF-e1547210885414.png\",\"contentUrl\":\"https:\\\/\\\/www.neckenmarkt.net\\\/gemeinde\\\/wp-content\\\/uploads\\\/2018\\\/12\\\/LogoF-e1547210885414.png\",\"width\":58,\"height\":90,\"caption\":\"Marktgemeinde Neckenmarkt\"},\"image\":{\"@id\":\"https:\\\/\\\/www.neckenmarkt.net\\\/gemeinde\\\/#\\\/schema\\\/logo\\\/image\\\/\"},\"sameAs\":[\"https:\\\/\\\/de.wikipedia.org\\\/wiki\\\/Neckenmarkt\"]}]}<\/script>\n<!-- \/ Yoast SEO plugin. -->","yoast_head_json":{"title":"Vereinsliste - Marktgemeinde Neckenmarkt","robots":{"index":"index","follow":"follow","max-snippet":"max-snippet:-1","max-image-preview":"max-image-preview:large","max-video-preview":"max-video-preview:-1"},"canonical":"https:\/\/www.neckenmarkt.net\/gemeinde\/vereinsliste-2\/","og_locale":"de_DE","og_type":"article","og_title":"Vereinsliste - Marktgemeinde Neckenmarkt","og_description":"Verein Name Adresse Ort Adventmarkt GENEMA Iby Hans Neubaugasse 17 7311 Neckenmarkt \u00c4ltere Generation Mayerhofer PaulKallinger Johann Mariengasse 9K\u00f6nigsgasse 47 7311 Neckenmarkt ARB\u00d6 NECKENMARKT Ecker Hermann K\u00f6nigsgasse 3 7311 Neckenmarkt [&hellip;]","og_url":"https:\/\/www.neckenmarkt.net\/gemeinde\/vereinsliste-2\/","og_site_name":"Marktgemeinde Neckenmarkt","article_modified_time":"2026-02-02T08:51:33+00:00","twitter_card":"summary_large_image","twitter_misc":{"Gesch\u00e4tzte Lesezeit":"2\u00a0Minuten"},"schema":{"@context":"https:\/\/schema.org","@graph":[{"@type":"WebPage","@id":"https:\/\/www.neckenmarkt.net\/gemeinde\/vereinsliste-2\/","url":"https:\/\/www.neckenmarkt.net\/gemeinde\/vereinsliste-2\/","name":"Vereinsliste - Marktgemeinde Neckenmarkt","isPartOf":{"@id":"https:\/\/www.neckenmarkt.net\/gemeinde\/#website"},"datePublished":"2024-03-13T07:51:42+00:00","dateModified":"2026-02-02T08:51:33+00:00","breadcrumb":{"@id":"https:\/\/www.neckenmarkt.net\/gemeinde\/vereinsliste-2\/#breadcrumb"},"inLanguage":"de","potentialAction":[{"@type":"ReadAction","target":["https:\/\/www.neckenmarkt.net\/gemeinde\/vereinsliste-2\/"]}]},{"@type":"BreadcrumbList","@id":"https:\/\/www.neckenmarkt.net\/gemeinde\/vereinsliste-2\/#breadcrumb","itemListElement":[{"@type":"ListItem","position":1,"name":"Startseite","item":"https:\/\/www.neckenmarkt.net\/gemeinde\/"},{"@type":"ListItem","position":2,"name":"Vereinsliste"}]},{"@type":"WebSite","@id":"https:\/\/www.neckenmarkt.net\/gemeinde\/#website","url":"https:\/\/www.neckenmarkt.net\/gemeinde\/","name":"Marktgemeinde Neckenmarkt","description":"","publisher":{"@id":"https:\/\/www.neckenmarkt.net\/gemeinde\/#organization"},"potentialAction":[{"@type":"SearchAction","target":{"@type":"EntryPoint","urlTemplate":"https:\/\/www.neckenmarkt.net\/gemeinde\/?s={search_term_string}"},"query-input":{"@type":"PropertyValueSpecification","valueRequired":true,"valueName":"search_term_string"}}],"inLanguage":"de"},{"@type":"Organization","@id":"https:\/\/www.neckenmarkt.net\/gemeinde\/#organization","name":"Marktgemeinde Neckenmarkt","url":"https:\/\/www.neckenmarkt.net\/gemeinde\/","logo":{"@type":"ImageObject","inLanguage":"de","@id":"https:\/\/www.neckenmarkt.net\/gemeinde\/#\/schema\/logo\/image\/","url":"https:\/\/www.neckenmarkt.net\/gemeinde\/wp-content\/uploads\/2018\/12\/LogoF-e1547210885414.png","contentUrl":"https:\/\/www.neckenmarkt.net\/gemeinde\/wp-content\/uploads\/2018\/12\/LogoF-e1547210885414.png","width":58,"height":90,"caption":"Marktgemeinde Neckenmarkt"},"image":{"@id":"https:\/\/www.neckenmarkt.net\/gemeinde\/#\/schema\/logo\/image\/"},"sameAs":["https:\/\/de.wikipedia.org\/wiki\/Neckenmarkt"]}]}},"_links":{"self":[{"href":"https:\/\/www.neckenmarkt.net\/gemeinde\/wp-json\/wp\/v2\/pages\/87830","targetHints":{"allow":["GET"]}}],"collection":[{"href":"https:\/\/www.neckenmarkt.net\/gemeinde\/wp-json\/wp\/v2\/pages"}],"about":[{"href":"https:\/\/www.neckenmarkt.net\/gemeinde\/wp-json\/wp\/v2\/types\/page"}],"author":[{"embeddable":true,"href":"https:\/\/www.neckenmarkt.net\/gemeinde\/wp-json\/wp\/v2\/users\/1"}],"replies":[{"embeddable":true,"href":"https:\/\/www.neckenmarkt.net\/gemeinde\/wp-json\/wp\/v2\/comments?post=87830"}],"version-history":[{"count":10,"href":"https:\/\/www.neckenmarkt.net\/gemeinde\/wp-json\/wp\/v2\/pages\/87830\/revisions"}],"predecessor-version":[{"id":90001,"href":"https:\/\/www.neckenmarkt.net\/gemeinde\/wp-json\/wp\/v2\/pages\/87830\/revisions\/90001"}],"wp:attachment":[{"href":"https:\/\/www.neckenmarkt.net\/gemeinde\/wp-json\/wp\/v2\/media?parent=87830"}],"curies":[{"name":"wp","href":"https:\/\/api.w.org\/{rel}","templated":true}]}}